{"id":21549,"date":"2017-09-03T22:38:55","date_gmt":"2017-09-03T22:38:55","guid":{"rendered":"http:\/\/astoriacervinia.turismok.com\/?page_id=21549"},"modified":"2022-01-04T16:16:30","modified_gmt":"2022-01-04T15:16:30","slug":"hotel-piste-da-sci-cervinia","status":"publish","type":"page","link":"https:\/\/www.astoriacervinia.com\/fr\/","title":{"rendered":"Hotel sulle piste da sci a Cervinia &#8211; Hotel Astoria"},"content":{"rendered":"<div class=\"vgblk-rw-wrapper limit-wrapper\"><h1>\n\tVotre maison dans les Alpes&#8230;\n\t<\/h1>\n\t<p>Notre H\u00f4tel est situ\u00e9 dans une <strong>position strat\u00e9gique<\/strong>: \u00e0 quelques m\u00e8tres des pistes de ski et tr\u00e8s proche du centre de Breuil-Cervinia. Chez nous, vous vivrez une <strong>exp\u00e9rience incroyable<\/strong>, immerg\u00e9s dans la nature alpine en vivant des \u00e9motions inoubliables&#8230;<\/p>\n\t\t\t<a href=\"https:\/\/www.simplebooking.it\/ibe\/hotelbooking\/search?hid=6813&#038;lang=FR\" target=\"_self\" role=\"button\" rel=\"noopener noreferrer\">\n\t\t\t\t\t\t\tR\u00e9servez directement sur notre site!\n\t\t\t\t\t<\/a>\n<h2>\n\t3 raisons de nous choisir\n\t<\/h2>\n<h3>\n\tSpa panoramique\n\t<\/h3>\n<h3>\n\tA 50 m\u00e8tres des remont\u00e9es m\u00e9caniques\n\t<\/h3>\n<h3>\n\t92% d&#8217;avis positifs\n\t<\/h3>\n<h2>\n\tLes Alpes de la Vall\u00e9e d&#8217;Aoste\n\t<\/h2>\n\t<p><em>Vous appellent&#8230;<\/em><\/p>\n<h2>\n\tNos chambres\n\t<\/h2>\n\t<p>CHOISISSEZ CELLE QUE VOUS PR\u00c9F\u00c9REZ<\/p>\n\t<meta itemprop=\"datePublished\" content=\"2020-11-09\" \/><meta itemprop=\"dateModified\" content=\"2020-11-09\" \/><meta itemprop=\"headline\" content=\"Chambre quadruple\"><meta itemprop=\"name\" content=\"Hotel a Cervinia sulle piste da sci - Hotel Astoria Cervina\"><meta itemprop=\"url\" content=\"https:\/\/www.astoriacervinia.com\/fr\/\"><meta itemprop=\"url\" content=\"https:\/\/www.astoriacervinia.com\/wp-content\/uploads\/2021\/10\/cropped-cervinia-hotel-ski-2.png\"><meta itemprop=\"url\" content=\"https:\/\/www.astoriacervinia.com\/fr\/author\/turismok\/\" \/><meta itemprop=\"name\" content=\"turismok\" \/><meta itemprop=\"url\" content=\"https:\/\/www.astoriacervinia.com\/wp-content\/uploads\/2015\/09\/hotel-cervinia-sulle-piste-da-sci-camera-doppia.jpg\" \/><meta itemprop=\"width\" content=\"1920\" \/><meta itemprop=\"height\" content=\"600\" \/><meta itemprop=\"interactionType\" content=\"http:\/\/schema.org\/CommentAction\" \/><meta itemprop=\"userInteractionCount\" content=\"0\" \/>\t\n\t\t\t\t\t\t\t\t\t\t\t<a href=\"https:\/\/www.astoriacervinia.com\/fr\/rooms\/quadrupla\/\" title=\"Chambre quadruple\">\n\t\t\t\t\t\t\t<img decoding=\"async\" width=\"420\" height=\"323\" src=\"https:\/\/www.astoriacervinia.com\/wp-content\/uploads\/2015\/09\/hotel-cervinia-sulle-piste-da-sci-camera-doppia-420x323.jpg\" alt=\"\" loading=\"lazy\" srcset=\"data:image\/svg+xml;utf8,&lt;svg%20xmlns=&quot;http:\/\/www.w3.org\/2000\/svg&quot;%20viewBox=&quot;0%200%20420%20323&quot;%20height=&quot;323px&quot;%20width=&quot;420px&quot;\/&gt;\" data-srcset=\"https:\/\/www.astoriacervinia.com\/wp-content\/uploads\/2015\/09\/hotel-cervinia-sulle-piste-da-sci-camera-doppia-420x323.jpg 420w, https:\/\/www.astoriacervinia.com\/wp-content\/uploads\/2015\/09\/hotel-cervinia-sulle-piste-da-sci-camera-doppia-630x484.jpg 630w, https:\/\/www.astoriacervinia.com\/wp-content\/uploads\/2015\/09\/hotel-cervinia-sulle-piste-da-sci-camera-doppia-315x242.jpg 315w\" sizes=\"auto, (min-width: 900px) 50vw, 100vw\" data-attachment-id=\"21636\" data-permalink=\"https:\/\/www.astoriacervinia.com\/fr\/rooms\/quadrupla\/hotel-cervinia-sulle-piste-da-sci-camera-doppia\/\" data-orig-file=\"https:\/\/www.astoriacervinia.com\/wp-content\/uploads\/2015\/09\/hotel-cervinia-sulle-piste-da-sci-camera-doppia.jpg\" data-orig-size=\"1920,600\" data-comments-opened=\"0\" data-image-meta=\"{&quot;aperture&quot;:&quot;0&quot;,&quot;credit&quot;:&quot;&quot;,&quot;camera&quot;:&quot;&quot;,&quot;caption&quot;:&quot;&quot;,&quot;created_timestamp&quot;:&quot;0&quot;,&quot;copyright&quot;:&quot;&quot;,&quot;focal_length&quot;:&quot;0&quot;,&quot;iso&quot;:&quot;0&quot;,&quot;shutter_speed&quot;:&quot;0&quot;,&quot;title&quot;:&quot;&quot;,&quot;orientation&quot;:&quot;0&quot;}\" data-image-title=\"hotel cervinia sulle piste-da sci camera doppia\" data-image-description=\"&lt;p&gt;hotel cervinia sulle piste-da sci camera doppia&lt;\/p&gt;\n\" data-medium-file=\"https:\/\/www.astoriacervinia.com\/wp-content\/uploads\/2015\/09\/hotel-cervinia-sulle-piste-da-sci-camera-doppia-300x94.jpg\" data-large-file=\"https:\/\/www.astoriacervinia.com\/wp-content\/uploads\/2015\/09\/hotel-cervinia-sulle-piste-da-sci-camera-doppia-1024x320.jpg\" \/>\t\t\t\t\t\t\tvamtam-theme-circle-post\t\t\t\t\t\t<\/a>\n\t\t\t\t\t\t\t\t<header>\n\t\t\t<h3>\n\t\t\t\t<a href=\"https:\/\/www.astoriacervinia.com\/fr\/rooms\/quadrupla\/\" title=\"Chambre quadruple\">Chambre quadruple<\/a>\n\t\t\t<\/h3>\n\t\t\t\t\t<a href=\"https:\/\/www.astoriacervinia.com\/fr\/room-type\/doppia-fr\/\" rel=\"tag\" alt=\"Doppia\">Doppia<\/a><a href=\"https:\/\/www.astoriacervinia.com\/fr\/room-type\/familiare-fr\/\" rel=\"tag\" alt=\"Familiare\">Familiare<\/a><a href=\"https:\/\/www.astoriacervinia.com\/fr\/room-type\/tripla-fr\/\" rel=\"tag\" alt=\"Tripla\">Tripla<\/a>\t\t\t\t\n\t<\/header>\n\t\t\t\t\t\t\n\t\t\t\tOur quadruple rooms are spacious and comfortable. They consist of a large living area with a sofa bed, a large\u2026\t\t\t\n\t\t\t\t<a href=\"https:\/\/www.astoriacervinia.com\/fr\/rooms\/quadrupla\/\">En savoir plus<\/a>\n\t\tChambre quadruple\t\n\t<meta itemprop=\"datePublished\" content=\"2020-11-09\" \/><meta itemprop=\"dateModified\" content=\"2020-11-09\" \/><meta itemprop=\"headline\" content=\"Chambre triple\"><meta itemprop=\"name\" content=\"Hotel a Cervinia sulle piste da sci - Hotel Astoria Cervina\"><meta itemprop=\"url\" content=\"https:\/\/www.astoriacervinia.com\/fr\/\"><meta itemprop=\"url\" content=\"https:\/\/www.astoriacervinia.com\/wp-content\/uploads\/2021\/10\/cropped-cervinia-hotel-ski-2.png\"><meta itemprop=\"url\" content=\"https:\/\/www.astoriacervinia.com\/fr\/author\/turismok\/\" \/><meta itemprop=\"name\" content=\"turismok\" \/><meta itemprop=\"url\" content=\"https:\/\/www.astoriacervinia.com\/wp-content\/uploads\/2020\/10\/hotel-cervinia-sulle-piste-da-sci-camera-tripla.jpg\" \/><meta itemprop=\"width\" content=\"1920\" \/><meta itemprop=\"height\" content=\"600\" \/><meta itemprop=\"interactionType\" content=\"http:\/\/schema.org\/CommentAction\" \/><meta itemprop=\"userInteractionCount\" content=\"0\" \/>\t\n\t\t\t\t\t\t\t\t\t\t\t<a href=\"https:\/\/www.astoriacervinia.com\/fr\/rooms\/tripla\/\" title=\"Chambre triple\">\n\t\t\t\t\t\t\t<img decoding=\"async\" width=\"420\" height=\"323\" src=\"https:\/\/www.astoriacervinia.com\/wp-content\/uploads\/2020\/10\/hotel-cervinia-sulle-piste-da-sci-camera-tripla-420x323.jpg\" alt=\"\" loading=\"lazy\" srcset=\"data:image\/svg+xml;utf8,&lt;svg%20xmlns=&quot;http:\/\/www.w3.org\/2000\/svg&quot;%20viewBox=&quot;0%200%20420%20323&quot;%20height=&quot;323px&quot;%20width=&quot;420px&quot;\/&gt;\" data-srcset=\"https:\/\/www.astoriacervinia.com\/wp-content\/uploads\/2020\/10\/hotel-cervinia-sulle-piste-da-sci-camera-tripla-420x323.jpg 420w, https:\/\/www.astoriacervinia.com\/wp-content\/uploads\/2020\/10\/hotel-cervinia-sulle-piste-da-sci-camera-tripla-630x484.jpg 630w, https:\/\/www.astoriacervinia.com\/wp-content\/uploads\/2020\/10\/hotel-cervinia-sulle-piste-da-sci-camera-tripla-315x242.jpg 315w\" sizes=\"auto, (min-width: 900px) 50vw, 100vw\" data-attachment-id=\"21622\" data-permalink=\"https:\/\/www.astoriacervinia.com\/fr\/rooms\/tripla\/hotel-cervinia-sulle-piste-da-sci-camera-tripla\/\" data-orig-file=\"https:\/\/www.astoriacervinia.com\/wp-content\/uploads\/2020\/10\/hotel-cervinia-sulle-piste-da-sci-camera-tripla.jpg\" data-orig-size=\"1920,600\" data-comments-opened=\"0\" data-image-meta=\"{&quot;aperture&quot;:&quot;0&quot;,&quot;credit&quot;:&quot;&quot;,&quot;camera&quot;:&quot;&quot;,&quot;caption&quot;:&quot;&quot;,&quot;created_timestamp&quot;:&quot;0&quot;,&quot;copyright&quot;:&quot;&quot;,&quot;focal_length&quot;:&quot;0&quot;,&quot;iso&quot;:&quot;0&quot;,&quot;shutter_speed&quot;:&quot;0&quot;,&quot;title&quot;:&quot;&quot;,&quot;orientation&quot;:&quot;0&quot;}\" data-image-title=\"hotel cervinia sulle piste da sci camera tripla\" data-image-description=\"&lt;p&gt;hotel cervinia sulle piste da sci camera tripla&lt;\/p&gt;\n\" data-medium-file=\"https:\/\/www.astoriacervinia.com\/wp-content\/uploads\/2020\/10\/hotel-cervinia-sulle-piste-da-sci-camera-tripla-300x94.jpg\" data-large-file=\"https:\/\/www.astoriacervinia.com\/wp-content\/uploads\/2020\/10\/hotel-cervinia-sulle-piste-da-sci-camera-tripla-1024x320.jpg\" \/>\t\t\t\t\t\t\tvamtam-theme-circle-post\t\t\t\t\t\t<\/a>\n\t\t\t\t\t\t\t\t<header>\n\t\t\t<h3>\n\t\t\t\t<a href=\"https:\/\/www.astoriacervinia.com\/fr\/rooms\/tripla\/\" title=\"Chambre triple\">Chambre triple<\/a>\n\t\t\t<\/h3>\n\t\t\t\t\t<a href=\"https:\/\/www.astoriacervinia.com\/fr\/room-type\/doppia-fr\/\" rel=\"tag\" alt=\"Doppia\">Doppia<\/a><a href=\"https:\/\/www.astoriacervinia.com\/fr\/room-type\/familiare-fr\/\" rel=\"tag\" alt=\"Familiare\">Familiare<\/a><a href=\"https:\/\/www.astoriacervinia.com\/fr\/room-type\/tripla-fr\/\" rel=\"tag\" alt=\"Tripla\">Tripla<\/a>\t\t\t\t\n\t<\/header>\n\t\t\t\t\t\t\n\t\t\t\tNos chambres triples spacieuses se composent d&#8217;un lit double et d&#8217;un lit suppl\u00e9mentaire. Elles sont spacieuses et id\u00e9ales pour les\u2026\t\t\t\n\t\t\t\t<a href=\"https:\/\/www.astoriacervinia.com\/fr\/rooms\/tripla\/\">En savoir plus<\/a>\n\t\tChambre triple\t\n\t<meta itemprop=\"datePublished\" content=\"2020-11-09\" \/><meta itemprop=\"dateModified\" content=\"2020-11-09\" \/><meta itemprop=\"headline\" content=\"Chambre double\"><meta itemprop=\"name\" content=\"Hotel a Cervinia sulle piste da sci - Hotel Astoria Cervina\"><meta itemprop=\"url\" content=\"https:\/\/www.astoriacervinia.com\/fr\/\"><meta itemprop=\"url\" content=\"https:\/\/www.astoriacervinia.com\/wp-content\/uploads\/2021\/10\/cropped-cervinia-hotel-ski-2.png\"><meta itemprop=\"url\" content=\"https:\/\/www.astoriacervinia.com\/fr\/author\/turismok\/\" \/><meta itemprop=\"name\" content=\"turismok\" \/><meta itemprop=\"url\" content=\"https:\/\/www.astoriacervinia.com\/wp-content\/uploads\/2020\/10\/hotel-cervinia-sulle-piste-da-sci-camera-family.jpg\" \/><meta itemprop=\"width\" content=\"1920\" \/><meta itemprop=\"height\" content=\"600\" \/><meta itemprop=\"interactionType\" content=\"http:\/\/schema.org\/CommentAction\" \/><meta itemprop=\"userInteractionCount\" content=\"0\" \/>\t\n\t\t\t\t\t\t\t\t\t\t\t<a href=\"https:\/\/www.astoriacervinia.com\/fr\/rooms\/doppia\/\" title=\"Chambre double\">\n\t\t\t\t\t\t\t<img decoding=\"async\" width=\"420\" height=\"323\" src=\"https:\/\/www.astoriacervinia.com\/wp-content\/uploads\/2020\/10\/hotel-cervinia-sulle-piste-da-sci-camera-family-420x323.jpg\" alt=\"\" loading=\"lazy\" srcset=\"data:image\/svg+xml;utf8,&lt;svg%20xmlns=&quot;http:\/\/www.w3.org\/2000\/svg&quot;%20viewBox=&quot;0%200%20420%20323&quot;%20height=&quot;323px&quot;%20width=&quot;420px&quot;\/&gt;\" data-srcset=\"https:\/\/www.astoriacervinia.com\/wp-content\/uploads\/2020\/10\/hotel-cervinia-sulle-piste-da-sci-camera-family-420x323.jpg 420w, https:\/\/www.astoriacervinia.com\/wp-content\/uploads\/2020\/10\/hotel-cervinia-sulle-piste-da-sci-camera-family-630x484.jpg 630w, https:\/\/www.astoriacervinia.com\/wp-content\/uploads\/2020\/10\/hotel-cervinia-sulle-piste-da-sci-camera-family-315x242.jpg 315w\" sizes=\"auto, (min-width: 900px) 50vw, 100vw\" data-attachment-id=\"21609\" data-permalink=\"https:\/\/www.astoriacervinia.com\/fr\/rooms\/doppia\/hotel-cervinia-sulle-piste-da-sci-camera-family-2\/\" data-orig-file=\"https:\/\/www.astoriacervinia.com\/wp-content\/uploads\/2020\/10\/hotel-cervinia-sulle-piste-da-sci-camera-family.jpg\" data-orig-size=\"1920,600\" data-comments-opened=\"0\" data-image-meta=\"{&quot;aperture&quot;:&quot;0&quot;,&quot;credit&quot;:&quot;&quot;,&quot;camera&quot;:&quot;&quot;,&quot;caption&quot;:&quot;&quot;,&quot;created_timestamp&quot;:&quot;0&quot;,&quot;copyright&quot;:&quot;&quot;,&quot;focal_length&quot;:&quot;0&quot;,&quot;iso&quot;:&quot;0&quot;,&quot;shutter_speed&quot;:&quot;0&quot;,&quot;title&quot;:&quot;&quot;,&quot;orientation&quot;:&quot;0&quot;}\" data-image-title=\"hotel cervinia sulle piste-da sci camera doppia\" data-image-description=\"&lt;p&gt;hotel cervinia sulle piste-da sci camera doppia&lt;\/p&gt;\n\" data-medium-file=\"https:\/\/www.astoriacervinia.com\/wp-content\/uploads\/2020\/10\/hotel-cervinia-sulle-piste-da-sci-camera-family-300x94.jpg\" data-large-file=\"https:\/\/www.astoriacervinia.com\/wp-content\/uploads\/2020\/10\/hotel-cervinia-sulle-piste-da-sci-camera-family-1024x320.jpg\" \/>\t\t\t\t\t\t\tvamtam-theme-circle-post\t\t\t\t\t\t<\/a>\n\t\t\t\t\t\t\t\t<header>\n\t\t\t<h3>\n\t\t\t\t<a href=\"https:\/\/www.astoriacervinia.com\/fr\/rooms\/doppia\/\" title=\"Chambre double\">Chambre double<\/a>\n\t\t\t<\/h3>\n\t\t\t\t\t<a href=\"https:\/\/www.astoriacervinia.com\/fr\/room-type\/doppia-fr\/\" rel=\"tag\" alt=\"Doppia\">Doppia<\/a><a href=\"https:\/\/www.astoriacervinia.com\/fr\/room-type\/familiare-fr\/\" rel=\"tag\" alt=\"Familiare\">Familiare<\/a><a href=\"https:\/\/www.astoriacervinia.com\/fr\/room-type\/tripla-fr\/\" rel=\"tag\" alt=\"Tripla\">Tripla<\/a>\t\t\t\t\n\t<\/header>\n\t\t\t\t\t\t\n\t\t\t\tNos chambres doubles sont accueillantes et spacieuses.\t\t\t\n\t\t\t\t<a href=\"https:\/\/www.astoriacervinia.com\/fr\/rooms\/doppia\/\">En savoir plus<\/a>\n\t\tChambre double\t\n<h2>\n\tNos excellences\n\t<\/h2>\n\t<p>D\u00e9couvrez ce qui nous rend uniques \u00e0 Cervinia &#8230;<\/p>\n<h3>\n\tCuisine traditionnelle\n\t<\/h3>\n\t<p>La culture d&#8217;un lieu est repr\u00e9sent\u00e9e \u00e9galement par sa tradition culinaire. C&#8217;est pourquoi nous avons choisi de proposer \u00e0 nos h\u00f4tes une cuisine traditionnelle, en choisissant des plats et des <strong>produits \u00e0 z\u00e9ro kilom\u00e8tre<\/strong>.<\/p>\n\t<a href=\"\/fr\/servizi-hotel-astoria\/\" target=\"_self\" role=\"button\" rel=\"noopener noreferrer\">\n\t\t\t\t\tDECOUVREZ TOUS NOS SERVICES\n\t<\/a>\n<h3>\n\tSpa ext\u00e9rieur\n\t<\/h3>\n\t<p>Notre <strong>SPA ext\u00e9rieur<\/strong> vous offre des moments de d\u00e9tente et de plaisir absolus avec une vue privil\u00e9gi\u00e9e sur le Mont Cervin<\/p>\n\t<a href=\"\/fr\/gallery-cervinia\/\" target=\"_self\" role=\"button\" rel=\"noopener noreferrer\">\n\t\t\t\t\tTOUTES LES PHOTOS DE L&#8217;HOTEL\n\t<\/a>\n<h2>\n\t\tR\u00e9servez sur notre site\n\t<\/h2>\n\t<p><em>Meilleur prix garanti<\/em><\/p>\n<p><em>Rapport direct avec l\u2019h\u00f4tel<\/em><\/p>\n<p><em>D\u00e9gustation d&#8217;un vin vald\u00f4tain \u00e0 votre arriv\u00e9e<\/em><\/p>\n\t\t\t<a href=\"https:\/\/www.simplebooking.it\/ibe\/hotelbooking\/search?hid=6813&#038;lang=EN\" target=\"_self\" role=\"button\" rel=\"noopener noreferrer\">\n\t\t\t\t\t\tR\u00e9servez maintenant\n\t\t\t\t\t<\/a>\n<h2>\n\tLivre d&#8217;Or\n\t<\/h2>\n\t<p>LES AVIS DE NOS CLIENTS SONT NOTRE CARTE DE VISITE LA MEILLEURE<\/p>\n\t\t<iframe src=\"https:\/\/maps.google.com\/maps?q=Hotel+Astoria%2C+Fraz.+Marmore+11%2C+11021+Cervinia+AO&#038;iwloc=near&#038;output=embed\" height=\"500\" frameborder=\"0\"><\/iframe>\n<h2>\n\tNous contacter\n\t<\/h2>\n\tTEL. +39 0166\/949062<br \/>\nFAX +39 0166\/949062<br \/>\nCOURRIEL: <a href=\"mailto:info@astoriacervinia.com\">INFO@ASTORIACERVINIA.COM<\/a>\n\t<h3>Demandes sp\u00e9ciales?<\/h3>\n<h3>\u00c9crivez-nous un message direct<\/h3>\n\t<div class=\"wpforms-container \" id=\"wpforms-21563\"><form id=\"wpforms-form-21563\" class=\"wpforms-validate wpforms-form\" data-formid=\"21563\" method=\"post\" enctype=\"multipart\/form-data\" action=\"\/fr\/wp-json\/wp\/v2\/pages\/21549\" data-token=\"51424a1a55f9b890c349fa4ef96091ef\" data-token-time=\"1775339983\"><noscript class=\"wpforms-error-noscript\">Please enable JavaScript in your browser to complete this form.<\/noscript><div class=\"wpforms-field-container\"><div id=\"wpforms-21563-field_0-container\" class=\"wpforms-field wpforms-field-name wpforms-one-half wpforms-first\" data-field-id=\"0\"><input type=\"text\" id=\"wpforms-21563-field_0\" class=\"wpforms-field-large wpforms-field-required\" name=\"wpforms[fields][0]\" placeholder=\"Pr\u00e9nom\" required><\/div><div id=\"wpforms-21563-field_4-container\" class=\"wpforms-field wpforms-field-name wpforms-one-half\" data-field-id=\"4\"><input type=\"text\" id=\"wpforms-21563-field_4\" class=\"wpforms-field-large\" name=\"wpforms[fields][4]\" placeholder=\"T\u00e9l\u00e9phone\" ><\/div><div id=\"wpforms-21563-field_1-container\" class=\"wpforms-field wpforms-field-email wpforms-one-half wpforms-first\" data-field-id=\"1\"><input type=\"email\" id=\"wpforms-21563-field_1\" class=\"wpforms-field-large wpforms-field-required\" name=\"wpforms[fields][1]\" placeholder=\"Adresse \u00e9lectronique\" spellcheck=\"false\" required><\/div><div id=\"wpforms-21563-field_2-container\" class=\"wpforms-field wpforms-field-textarea wpforms-first\" data-field-id=\"2\"><textarea id=\"wpforms-21563-field_2\" class=\"wpforms-field-medium\" name=\"wpforms[fields][2]\" placeholder=\"Message\" ><\/textarea><div class=\"wpforms-field-description\"><p>Les donn\u00e9es personnelles seront trait\u00e9es conform\u00e9ment \u00e0 notre <a href=\"\/privacy-policy\/\">privacy policy<\/a><\/p><\/div><\/div><div id=\"wpforms-21563-field_7-container\" class=\"wpforms-field wpforms-field-checkbox\" data-field-id=\"7\"><ul id=\"wpforms-21563-field_7\" class=\"wpforms-field-required\"><li class=\"choice-1 depth-1\"><input type=\"checkbox\" id=\"wpforms-21563-field_7_1\" name=\"wpforms[fields][7][]\" value=\"J&#039;accepte le traitement de mes donn\u00e9es personnelles comme indiqu\u00e9 dans la politique de confidentialit\u00e9 de ce site web\" required ><label class=\"wpforms-field-label-inline\" for=\"wpforms-21563-field_7_1\">J'accepte le traitement de mes donn\u00e9es personnelles comme indiqu\u00e9 dans la politique de confidentialit\u00e9 de ce site web<\/label><\/li><\/ul><\/div><\/div><!-- .wpforms-field-container --><div class=\"wpforms-field wpforms-field-hp\"><label for=\"wpforms-21563-field-hp\" class=\"wpforms-field-label\">Email<\/label><input type=\"text\" name=\"wpforms[hp]\" id=\"wpforms-21563-field-hp\" class=\"wpforms-field-medium\"><\/div><div class=\"wpforms-recaptcha-container wpforms-is-recaptcha wpforms-is-recaptcha-type-v3\" ><input type=\"hidden\" name=\"wpforms[recaptcha]\" value=\"\"><\/div><div class=\"wpforms-submit-container\" ><input type=\"hidden\" name=\"wpforms[id]\" value=\"21563\"><input type=\"hidden\" name=\"page_title\" value=\"\"><input type=\"hidden\" name=\"page_url\" value=\"https:\/\/www.astoriacervinia.com\/fr\/wp-json\/wp\/v2\/pages\/21549\"><input type=\"hidden\" name=\"url_referer\" value=\"\"><button type=\"submit\" name=\"wpforms[submit]\" id=\"wpforms-submit-21563\" class=\"wpforms-submit\" data-alt-text=\"Sending...\" data-submit-text=\"Envoyer\" aria-live=\"assertive\" value=\"wpforms-submit\">Envoyer<\/button><\/div><\/form><\/div>  <!-- .wpforms-container -->\n\t\t\t\t\t\t\t<img decoding=\"async\" loading=\"lazy\" width=\"538\" height=\"117\" src=\"http:\/\/astoriacervinia.turismok.com\/wp-content\/uploads\/2020\/10\/cropped-ski-hotel-in-cervinia-1.png\" alt=\"http:\/\/astoriacervinia.turismok.com\/wp-content\/uploads\/2020\/10\/cropped-ski-hotel-in-cervinia-1.png\" itemprop=\"image\" title=\"cropped-ski-hotel-in-cervinia-1.png\" onerror=\"this.style.display='none'\"  sizes=\"auto, (max-width: 760px) 100vw, 100vw\" srcset=\"data:image\/svg+xml;utf8,&lt;svg%20xmlns=&quot;http:\/\/www.w3.org\/2000\/svg&quot;%20viewBox=&quot;0%200%20538%20117&quot;%20height=&quot;117px&quot;%20width=&quot;538px&quot;\/&gt;\" data-srcset=\"https:\/\/www.astoriacervinia.com\/wp-content\/uploads\/2020\/10\/cropped-ski-hotel-in-cervinia-1.png 538w, https:\/\/www.astoriacervinia.com\/wp-content\/uploads\/2020\/10\/cropped-ski-hotel-in-cervinia-1-300x65.png 300w, https:\/\/www.astoriacervinia.com\/wp-content\/uploads\/2020\/10\/cropped-ski-hotel-in-cervinia-1-466x101.png 466w, https:\/\/www.astoriacervinia.com\/wp-content\/uploads\/2020\/10\/cropped-ski-hotel-in-cervinia-1-350x76.png 350w\" \/>\t\t\t\t\t\t\t\n<h4>\n\t\tT\u00e9l\u00e9phone et Courriel\n\t<\/h4>\n\t<a href=\"telto:+390166949062\">+39 0166\/949062<\/a><br \/>\n<a href=\"telto:+393333268933\"> +39 333 3268933<\/a><br \/>\n<a href=\"mailto:info@astoriacervinia.com\">info@astoriacervinia.com<\/a>\n<h4>\n\t\tAdresse\n\t<\/h4>\n\tPiazzale Funivie (cable car parking)<br \/>\n11021 Breuil-Cervinia (AO)\n<h4>\n\t\tArriv\u00e9e \/ D\u00e9part\n\t<\/h4>\n\tArriv\u00e9e : 14h00 &#8211; 22h00<br \/>\nD\u00e9part : 8h00 &#8211; 10h00\n<h4>\n\t\tInscrivez-vous \u00e0 notre newsletter\n\t<\/h4>\n\t<p><a href=\"\/privacy-policy\/\">Privacy Policy<\/a><\/p>\n\t<p>\u00a9 Hotel Astoria &#8211; P.IVA: 00060180072 &#8211;\u00a0 Website by <a href=\"https:\/\/www.turismok.com\/\" target=\"_blank\" rel=\"noopener noreferrer\">Turismok &#8211; Hotel Consulting<\/a><\/p>\n<\/div><!-- .vgblk-rw-wrapper -->","protected":false},"excerpt":{"rendered":"<p>Votre maison dans les Alpes&#8230; Notre H\u00f4tel est situ\u00e9 dans une position strat\u00e9gique: \u00e0 quelques m\u00e8tres des pistes de ski et tr\u00e8s proche du centre de Breuil-Cervinia. Chez nous, vous vivrez une exp\u00e9rience incroyable, immerg\u00e9s dans la nature alpine en vivant des \u00e9motions inoubliables&#8230; R\u00e9servez directement sur notre site! 3 raisons de nous choisir Spa&#8230;<\/p>\n","protected":false},"author":1,"featured_media":0,"parent":0,"menu_order":0,"comment_status":"closed","ping_status":"closed","template":"","meta":{"footnotes":""},"class_list":["post-21549","page","type-page","status-publish","hentry"],"_links":{"self":[{"href":"https:\/\/www.astoriacervinia.com\/fr\/wp-json\/wp\/v2\/pages\/21549","targetHints":{"allow":["GET"]}}],"collection":[{"href":"https:\/\/www.astoriacervinia.com\/fr\/wp-json\/wp\/v2\/pages"}],"about":[{"href":"https:\/\/www.astoriacervinia.com\/fr\/wp-json\/wp\/v2\/types\/page"}],"author":[{"embeddable":true,"href":"https:\/\/www.astoriacervinia.com\/fr\/wp-json\/wp\/v2\/users\/1"}],"replies":[{"embeddable":true,"href":"https:\/\/www.astoriacervinia.com\/fr\/wp-json\/wp\/v2\/comments?post=21549"}],"version-history":[{"count":14,"href":"https:\/\/www.astoriacervinia.com\/fr\/wp-json\/wp\/v2\/pages\/21549\/revisions"}],"predecessor-version":[{"id":21974,"href":"https:\/\/www.astoriacervinia.com\/fr\/wp-json\/wp\/v2\/pages\/21549\/revisions\/21974"}],"wp:attachment":[{"href":"https:\/\/www.astoriacervinia.com\/fr\/wp-json\/wp\/v2\/media?parent=21549"}],"curies":[{"name":"wp","href":"https:\/\/api.w.org\/{rel}","templated":true}]}}